{"id":44,"date":"2010-11-21T11:58:14","date_gmt":"2010-11-21T10:58:14","guid":{"rendered":"http:\/\/www.bildlachs.de\/wordpress\/?page_id=44"},"modified":"2026-03-09T19:39:27","modified_gmt":"2026-03-09T18:39:27","slug":"impressum","status":"publish","type":"page","link":"http:\/\/www.bildlachs.de\/?page_id=44","title":{"rendered":"Impressum Datenschutz"},"content":{"rendered":"<p>Angaben gem\u00e4\u00df \u00a7 5 TMG:<\/p>\n<p><strong>Kontakt<br \/>\n<\/strong><br \/>\nRico K\u00f6dder<br \/>\nErich-Weinert-Stra\u00dfe 27<br \/>\n18059 Rostock<br \/>\nTel. 0172-3841295<br \/>\nE-Mail: <a href=\"mailto:info@bildlachs.de\">info@bildlachs.de<\/a><\/p>\n<h2>Haftungsausschluss:<\/h2>\n<p><strong>Haftung f\u00fcr Inhalte<\/strong><\/p>\n<p>Die Inhalte unserer Seiten wurden mit gr\u00f6\u00dfter Sorgfalt erstellt. F\u00fcr die Richtigkeit, Vollst\u00e4ndigkeit und Aktualit\u00e4t der Inhalte k\u00f6nnen wir jedoch keine Gew\u00e4hr \u00fcbernehmen. Als Diensteanbieter sind wir gem\u00e4\u00df \u00a7 7 Abs.1 TMG f\u00fcr eigene Inhalte auf diesen Seiten nach den allgemeinen Gesetzen verantwortlich. Nach \u00a7\u00a7 8 bis 10 TMG sind wir als Diensteanbieter jedoch nicht verpflichtet, \u00fcbermittelte oder gespeicherte fremde Informationen zu \u00fcberwachen oder nach Umst\u00e4nden zu forschen, die auf eine rechtswidrige T\u00e4tigkeit hinweisen. Verpflichtungen zur Entfernung oder Sperrung der Nutzung von Informationen nach den allgemeinen Gesetzen bleiben hiervon unber\u00fchrt. Eine diesbez\u00fcgliche Haftung ist jedoch erst ab dem Zeitpunkt der Kenntnis einer konkreten Rechtsverletzung m\u00f6glich. Bei Bekanntwerden von entsprechenden Rechtsverletzungen werden wir diese Inhalte umgehend entfernen.<\/p>\n<p><strong>Haftung f\u00fcr Links<\/strong><\/p>\n<p>Unser Angebot enth\u00e4lt Links zu externen Webseiten Dritter, auf deren Inhalte wir keinen Einfluss haben. Deshalb k\u00f6nnen wir f\u00fcr diese fremden Inhalte auch keine Gew\u00e4hr \u00fcbernehmen. F\u00fcr die Inhalte der verlinkten Seiten ist stets der jeweilige Anbieter oder Betreiber der Seiten verantwortlich. Die verlinkten Seiten wurden zum Zeitpunkt der Verlinkung auf m\u00f6gliche Rechtsverst\u00f6\u00dfe \u00fcberpr\u00fcft. Rechtswidrige Inhalte waren zum Zeitpunkt der Verlinkung nicht erkennbar. Eine permanente inhaltliche Kontrolle der verlinkten Seiten ist jedoch ohne konkrete Anhaltspunkte einer Rechtsverletzung nicht zumutbar. Bei Bekanntwerden von Rechtsverletzungen werden wir derartige Links umgehend entfernen.<\/p>\n<p><strong>Urheberrecht<\/strong><\/p>\n<p>Die durch die Seitenbetreiber erstellten Inhalte und Werke auf diesen Seiten unterliegen dem deutschen Urheberrecht. Die Vervielf\u00e4ltigung, Bearbeitung, Verbreitung und jede Art der Verwertung au\u00dferhalb der Grenzen des Urheberrechtes bed\u00fcrfen der schriftlichen Zustimmung des jeweiligen Autors bzw. Erstellers. Downloads und Kopien dieser Seite sind nur f\u00fcr den privaten, nicht kommerziellen Gebrauch gestattet. Soweit die Inhalte auf dieser Seite nicht vom Betreiber erstellt wurden, werden die Urheberrechte Dritter beachtet. Insbesondere werden Inhalte Dritter als solche gekennzeichnet. Sollten Sie trotzdem auf eine Urheberrechtsverletzung aufmerksam werden, bitten wir um einen entsprechenden Hinweis. Bei Bekanntwerden von Rechtsverletzungen werden wir derartige Inhalte umgehend entfernen.<\/p>\n<p><strong>Datenschutz<\/strong><\/p>\n<p>Die Nutzung unserer Webseite ist in der Regel ohne Angabe personenbezogener Daten m\u00f6glich. Soweit auf unseren Seiten personenbezogene Daten (beispielsweise Name, Anschrift oder eMail-Adressen) erhoben werden, erfolgt dies, soweit m\u00f6glich, stets auf freiwilliger Basis. Diese Daten werden ohne Ihre ausdr\u00fcckliche Zustimmung nicht an Dritte weitergegeben.<\/p>\n<p>Wir weisen darauf hin, dass die Daten\u00fcbertragung im Internet (z.B. bei der Kommunikation per E-Mail) Sicherheitsl\u00fccken aufweisen kann. Ein l\u00fcckenloser Schutz der Daten vor dem Zugriff durch Dritte ist nicht m\u00f6glich.<\/p>\n<p>Der Nutzung von im Rahmen der Impressumspflicht ver\u00f6ffentlichten Kontaktdaten durch Dritte zur \u00dcbersendung von nicht ausdr\u00fccklich angeforderter Werbung und Informationsmaterialien wird hiermit ausdr\u00fccklich widersprochen. Die Betreiber der Seiten behalten sich ausdr\u00fccklich rechtliche Schritte im Falle der unverlangten Zusendung von Werbeinformationen, etwa durch Spam-Mails, vor.<\/p>\n<p>Datenschutzhinweise<\/p>\n<p>Willkommen auf unserer Webseite und vielen Dank f\u00fcr Ihr Interesse.<\/p>\n<p>Der Schutz Ihrer personenbezogenen Daten und Ihrer Privatsph\u00e4re w\u00e4hrend Ihres Besuches auf unserer Webseite ist uns sehr wichtig. Aus diesem Grund m\u00f6chten wir Sie im Folgenden \u00fcber den Umgang mit Ihren personenbezogenen Daten (\u201eDaten\u201c) informieren.<\/p>\n<p>Wir behalten uns vor, den Inhalt dieser Datenschutzhinweise von Zeit zu Zeit anzupassen. Es empfiehlt sich daher, unsere Datenschutzhinweise in regelm\u00e4\u00dfigen Abst\u00e4nden erneut zur Kenntnis zu nehmen.<\/p>\n<p>1. Verantwortlicher<\/p>\n<p>Verantwortlicher f\u00fcr die Datenverarbeitung im Sinne der Datenschutzgrundverordnung (DSGVO) ist Herr Rico K\u00f6dder,&nbsp;Erich-Weinert-Stra\u00dfe 25,&nbsp;18059 Rostock, Tel. 0172-3841295, E-Mail: <a href=\"mailto:info@bildlachs.de\">info@bildlachs.de<\/a><\/p>\n<p>2. Zwecke und Rechtsgrundlagen der Verarbeitung personenbezogener Daten<\/p>\n<p>Wir erheben und speichern automatisch in unserem Server sogenannte Log-Files mit Informationen, die Ihr Browser an uns \u00fcbermittelt. Dies sind:<\/p>\n<p>\u2022 IP-Adresse<br \/>\n\u2022 Browsertyp\/ -version<br \/>\n\u2022 Angefragte URL<br \/>\n\u2022 Datum und Uhrzeit der Serveranfrage<\/p>\n<p>Diese Daten werden getrennt von Ihren weiteren Daten, die Sie eventuell bei uns angeben, gespeichert und sp\u00e4testens nach einer Woche gel\u00f6scht. Es erfolgt keine Verkn\u00fcpfung der Daten mit Ihren weiteren Daten.<\/p>\n<p>Die Erhebung und Verarbeitung dieser Daten erfolgt zu dem Zweck, die Nutzung der Website zu erm\u00f6glichen (Verbindungsaufbau), die Systemsicherheit und -stabilit\u00e4t dauerhaft zu gew\u00e4hrleisten, die technische Administration der Netzinfrastruktur und die Optimierung des Internetangebotes zu erm\u00f6glichen, sofern dies zur Wahrung berechtigter Interessen des Verantwortlichen erforderlich ist (Art. 6 Abs. 1 lit. f DSGVO). Dar\u00fcber hinaus setzen wir beim Besuch unserer Website Cookies und Webanalysedienste ein. Informationen hierzu finden Sie unter Ziffern 6 und 7.<\/p>\n<p>3. Widerspruchsrecht<\/p>\n<p>Sie haben das Recht, gem\u00e4\u00df Art. 21 DSGVO Widerspruch gegen die Verarbeitung Ihrer personenbezogenen Daten einzulegen, die aufgrund eines berechtigten Interesses von uns oder eines Dritten erfolgt, soweit daf\u00fcr Gr\u00fcnde vorliegen, die sich aus Ihrer besonderen Situation ergeben oder sich der Widerspruch gegen allgemeine oder auf Sie zugeschnittene Direktwerbung richtet. Im letzteren Fall haben Sie ein generelles Widerspruchsrecht, das ohne Angabe einer besonderen Situation von uns umgesetzt wird.<\/p>\n<p>M\u00f6chten Sie von Ihrem Widerspruchsrecht Gebrauch machen, schicken Sie uns bitte eine E-Mail an info@bildlachs.de oder wenden Sie sich auf anderem Wege an den Verantwortlichen (vgl. Ziffer 1).<\/p>\n<p>4. Weitergabe von Daten an Dritte \/ Empf\u00e4nger der Daten<\/p>\n<p>Wir geben Ihre personenbezogenen Daten an Dritte weiter, wenn dies gem. Art. 6 Abs. 1 lit. b DSGVO f\u00fcr die Abwicklung eines Vertragsverh\u00e4ltnisses erforderlich ist. Alle personenbezogenen Daten werden selbstverst\u00e4ndlich streng vertraulich behandelt. Unsere Dienstleister werden von uns nach den strengen Vorgaben der DSGVO schriftlich verpflichtet und d\u00fcrfen die Daten zu keinen anderen Zwecken weiterverwenden.<\/p>\n<p>5. Cookies<\/p>\n<p>Um den Besuch unserer Website attraktiv zu gestalten und die Nutzung bestimmter Funktionen zu erm\u00f6glichen, setzen wir auf Grundlage von Art. 6 Abs. 1 lit. f DSGVO sogenannte Cookies ein. Cookies sind kleine Informationseinheiten, die im Arbeitsspeicher Ihres Computers gespeichert werden. In einem Cookie wird eine zuf\u00e4llig erzeugte eindeutige Identifikationsnummer abgelegt, eine sogenannte Session-ID. Au\u00dferdem enth\u00e4lt ein Cookie die Angabe \u00fcber seine Herkunft und die Speicherfrist. Diese Cookies k\u00f6nnen keine anderen Daten speichern. Gespeicherte Cookies k\u00f6nnen Sie jederzeit in Ihren Browsereinstellungen l\u00f6schen.<\/p>\n<p>Sollten Sie eine Verwendung von Cookies nicht w\u00fcnschen, so k\u00f6nnen Sie die Verwendung in Ihrem Browser sperren. Es ist nicht auszuschlie\u00dfen, dass dadurch die Funktionalit\u00e4t unserer Webseite beeintr\u00e4chtigt wird.<\/p>\n<p>6. Einsatz pseudonymer Nutzungsprofile zur Webanalyse<br \/>\nNutzung von Google Analytics<\/p>\n<p>entf\u00e4llt<\/p>\n<p>7. Rechte der betroffenen Person<\/p>\n<p>Ihnen stehen bez\u00fcglich Ihrer durch uns verarbeiteten Daten folgende Rechte zu:<\/p>\n<p>&#8211; das Recht auf Auskunft \u00fcber Ihre bei uns gespeicherten pers\u00f6nlichen Daten gem. Art. 15 DSGVO;<br \/>\n&#8211; Ggfs. Recht auf Berichtigung unrichtiger oder Vervollst\u00e4ndigung richtiger Ihrer bei uns gespeicherten pers\u00f6nlichen Daten gem. Art. 16 DSGVO;<br \/>\n&#8211; Recht auf L\u00f6schung und Vergessenwerden Ihrer bei uns gespeicherten pers\u00f6nlichen Daten gem. Art. 17 DSGVO;<br \/>\n&#8211; Recht auf Einschr\u00e4nkung bzw. Sperrung der Verarbeitung Ihrer pers\u00f6nlichen Daten gem. Art. 18 DSGVO;<br \/>\n&#8211; ggfs. Recht auf Daten\u00fcbertragbarkeit gem. Art. 20 DSGVO;<br \/>\n&#8211; Recht auf Widerspruch gegen die Verarbeitung Ihrer personenbezogenen Daten gem. Art. 21 DSGVO;<br \/>\n&#8211; Recht auf Widerruf ggfs. erteilter Einwilligungen gem. Art. 7 Abs. 3 DSGVO;<br \/>\n&#8211; Recht auf Beschwerde bei einer Aufsichtsbeh\u00f6rde gem. Art. 77 DSGVO.<\/p>\n<p>Bei weiteren Fragen zur Verarbeitung Ihrer personenbezogenen Daten oder der Inanspruchnahme einer der Ihnen zur Verf\u00fcgung stehenden Rechte, schicken Sie uns bitte eine E-Mail an info@bildlachs.de<\/p>\n<p>8. Datensicherheit<\/p>\n<p>Wir haben technische und organisatorische Sicherheitsvorkehrungen eingerichtet, um Ihre Daten zu sch\u00fctzen, insbesondere gegen Verlust, Manipulation oder unberechtigten Zugriff. Wir passen unserer Sicherheitsvorkehrungen regelm\u00e4\u00dfig der fortlaufenden technischen Entwicklung an.<\/p>\n","protected":false},"excerpt":{"rendered":"<p>Angaben gem\u00e4\u00df \u00a7 5 TMG: Kontakt Rico K\u00f6dder Erich-Weinert-Stra\u00dfe 27 18059 Rostock Tel. 0172-3841295 E-Mail: info@bildlachs.de Haftungsausschluss: Haftung f\u00fcr Inhalte Die Inhalte unserer Seiten wurden mit gr\u00f6\u00dfter Sorgfalt erstellt. F\u00fcr die Richtigkeit, Vollst\u00e4ndigkeit und Aktualit\u00e4t der Inhalte k\u00f6nnen wir jedoch keine Gew\u00e4hr \u00fcbernehmen. Als Diensteanbieter sind wir gem\u00e4\u00df \u00a7 7 Abs.1 TMG f\u00fcr eigene Inhalte [&hellip;]<\/p>\n","protected":false},"author":1,"featured_media":0,"parent":0,"menu_order":10,"comment_status":"closed","ping_status":"closed","template":"index_nebenseiten.php","meta":{"ngg_post_thumbnail":0,"footnotes":""},"class_list":["post-44","page","type-page","status-publish","hentry"],"_links":{"self":[{"href":"http:\/\/www.bildlachs.de\/index.php?rest_route=\/wp\/v2\/pages\/44","targetHints":{"allow":["GET"]}}],"collection":[{"href":"http:\/\/www.bildlachs.de\/index.php?rest_route=\/wp\/v2\/pages"}],"about":[{"href":"http:\/\/www.bildlachs.de\/index.php?rest_route=\/wp\/v2\/types\/page"}],"author":[{"embeddable":true,"href":"http:\/\/www.bildlachs.de\/index.php?rest_route=\/wp\/v2\/users\/1"}],"replies":[{"embeddable":true,"href":"http:\/\/www.bildlachs.de\/index.php?rest_route=%2Fwp%2Fv2%2Fcomments&post=44"}],"version-history":[{"count":21,"href":"http:\/\/www.bildlachs.de\/index.php?rest_route=\/wp\/v2\/pages\/44\/revisions"}],"predecessor-version":[{"id":4043,"href":"http:\/\/www.bildlachs.de\/index.php?rest_route=\/wp\/v2\/pages\/44\/revisions\/4043"}],"wp:attachment":[{"href":"http:\/\/www.bildlachs.de\/index.php?rest_route=%2Fwp%2Fv2%2Fmedia&parent=44"}],"curies":[{"name":"wp","href":"https:\/\/api.w.org\/{rel}","templated":true}]}}